{"id":1429,"date":"2020-06-11T14:55:34","date_gmt":"2020-06-11T12:55:34","guid":{"rendered":"https:\/\/bertstruis.nl\/?page_id=1429"},"modified":"2020-06-23T15:36:49","modified_gmt":"2020-06-23T13:36:49","slug":"over-ons","status":"publish","type":"page","link":"https:\/\/bertstruis.nl\/de\/over-ons\/","title":{"rendered":"\u00dcber uns"},"content":{"rendered":"<div data-elementor-type=\"wp-page\" data-elementor-id=\"1429\" class=\"elementor elementor-1429\">\n\t\t\t\t\t\t<section class=\"elementor-section elementor-top-section elementor-element elementor-element-be65659 elementor-section-stretched elementor-section-full_width elementor-section-height-min-height elementor-section-content-middle elementor-section-height-default elementor-section-items-middle\" data-id=\"be65659\" data-element_type=\"section\" data-settings=\"{&quot;stretch_section&quot;:&quot;section-stretched&quot;,&quot;background_background&quot;:&quot;classic&quot;}\">\n\t\t\t\t\t\t<div class=\"elementor-container elementor-column-gap-default\">\n\t\t\t\t\t<div class=\"elementor-column elementor-col-100 elementor-top-column elementor-element elementor-element-7dc77a1\" data-id=\"7dc77a1\" data-element_type=\"column\">\n\t\t\t<div class=\"elementor-widget-wrap\">\n\t\t\t\t\t\t\t<\/div>\n\t\t<\/div>\n\t\t\t\t\t<\/div>\n\t\t<\/section>\n\t\t\t\t<section class=\"elementor-section elementor-top-section elementor-element elementor-element-1f87fc9 elementor-section-boxed elementor-section-height-default elementor-section-height-default\" data-id=\"1f87fc9\" data-element_type=\"section\">\n\t\t\t\t\t\t<div class=\"elementor-container elementor-column-gap-default\">\n\t\t\t\t\t<div class=\"elementor-column elementor-col-100 elementor-top-column elementor-element elementor-element-d104816\" data-id=\"d104816\" data-element_type=\"column\">\n\t\t\t<div class=\"elementor-widget-wrap elementor-element-populated\">\n\t\t\t\t\t\t<div class=\"elementor-element elementor-element-5102113 elementor-widget elementor-widget-spacer\" data-id=\"5102113\" data-element_type=\"widget\" data-widget_type=\"spacer.default\">\n\t\t\t\t<div class=\"elementor-widget-container\">\n\t\t\t\t\t<div class=\"elementor-spacer\">\n\t\t\t<div class=\"elementor-spacer-inner\"><\/div>\n\t\t<\/div>\n\t\t\t\t<\/div>\n\t\t\t\t<\/div>\n\t\t\t\t\t<\/div>\n\t\t<\/div>\n\t\t\t\t\t<\/div>\n\t\t<\/section>\n\t\t\t\t<section class=\"elementor-section elementor-top-section elementor-element elementor-element-43c401a elementor-section-boxed elementor-section-height-default elementor-section-height-default\" data-id=\"43c401a\" data-element_type=\"section\">\n\t\t\t\t\t\t<div class=\"elementor-container elementor-column-gap-default\">\n\t\t\t\t\t<div class=\"elementor-column elementor-col-33 elementor-top-column elementor-element elementor-element-b47f3c1\" data-id=\"b47f3c1\" data-element_type=\"column\">\n\t\t\t<div class=\"elementor-widget-wrap elementor-element-populated\">\n\t\t\t\t\t\t<div class=\"elementor-element elementor-element-4801ffc elementor-widget elementor-widget-image\" data-id=\"4801ffc\" data-element_type=\"widget\" data-widget_type=\"image.default\">\n\t\t\t\t<div class=\"elementor-widget-container\">\n\t\t\t\t\t\t\t\t\t\t\t\t\t<img fetchpriority=\"high\" decoding=\"async\" width=\"720\" height=\"540\" src=\"https:\/\/bertstruis.nl\/wp-content\/uploads\/2020\/05\/pand-1024x768.jpg\" class=\"attachment-large size-large wp-image-1408\" alt=\"\" srcset=\"https:\/\/bertstruis.nl\/wp-content\/uploads\/2020\/05\/pand-1024x768.jpg 1024w, https:\/\/bertstruis.nl\/wp-content\/uploads\/2020\/05\/pand-300x225.jpg 300w, https:\/\/bertstruis.nl\/wp-content\/uploads\/2020\/05\/pand-768x576.jpg 768w, https:\/\/bertstruis.nl\/wp-content\/uploads\/2020\/05\/pand-1536x1152.jpg 1536w, https:\/\/bertstruis.nl\/wp-content\/uploads\/2020\/05\/pand-2048x1536.jpg 2048w\" sizes=\"(max-width: 720px) 100vw, 720px\" \/>\t\t\t\t\t\t\t\t\t\t\t\t\t<\/div>\n\t\t\t\t<\/div>\n\t\t\t\t\t<\/div>\n\t\t<\/div>\n\t\t\t\t<div class=\"elementor-column elementor-col-33 elementor-top-column elementor-element elementor-element-8df4e08\" data-id=\"8df4e08\" data-element_type=\"column\">\n\t\t\t<div class=\"elementor-widget-wrap elementor-element-populated\">\n\t\t\t\t\t\t<div class=\"elementor-element elementor-element-6594f61 elementor-widget elementor-widget-image\" data-id=\"6594f61\" data-element_type=\"widget\" data-widget_type=\"image.default\">\n\t\t\t\t<div class=\"elementor-widget-container\">\n\t\t\t\t\t\t\t\t\t\t\t\t\t<img decoding=\"async\" width=\"720\" height=\"418\" src=\"https:\/\/bertstruis.nl\/wp-content\/uploads\/2020\/04\/logo-bert-struis-bv2-1024x595.jpg\" class=\"attachment-large size-large wp-image-587\" alt=\"\" srcset=\"https:\/\/bertstruis.nl\/wp-content\/uploads\/2020\/04\/logo-bert-struis-bv2-1024x595.jpg 1024w, https:\/\/bertstruis.nl\/wp-content\/uploads\/2020\/04\/logo-bert-struis-bv2-300x174.jpg 300w, https:\/\/bertstruis.nl\/wp-content\/uploads\/2020\/04\/logo-bert-struis-bv2-768x446.jpg 768w, https:\/\/bertstruis.nl\/wp-content\/uploads\/2020\/04\/logo-bert-struis-bv2.jpg 1158w\" sizes=\"(max-width: 720px) 100vw, 720px\" \/>\t\t\t\t\t\t\t\t\t\t\t\t\t<\/div>\n\t\t\t\t<\/div>\n\t\t\t\t\t<\/div>\n\t\t<\/div>\n\t\t\t\t<div class=\"elementor-column elementor-col-33 elementor-top-column elementor-element elementor-element-7699f90\" data-id=\"7699f90\" data-element_type=\"column\">\n\t\t\t<div class=\"elementor-widget-wrap elementor-element-populated\">\n\t\t\t\t\t\t<div class=\"elementor-element elementor-element-63d0bed elementor-widget elementor-widget-image\" data-id=\"63d0bed\" data-element_type=\"widget\" data-widget_type=\"image.default\">\n\t\t\t\t<div class=\"elementor-widget-container\">\n\t\t\t\t\t\t\t\t\t\t\t\t\t<img decoding=\"async\" width=\"720\" height=\"540\" src=\"https:\/\/bertstruis.nl\/wp-content\/uploads\/2020\/05\/pand-2-1024x768.jpg\" class=\"attachment-large size-large wp-image-1403\" alt=\"\" srcset=\"https:\/\/bertstruis.nl\/wp-content\/uploads\/2020\/05\/pand-2-1024x768.jpg 1024w, https:\/\/bertstruis.nl\/wp-content\/uploads\/2020\/05\/pand-2-300x225.jpg 300w, https:\/\/bertstruis.nl\/wp-content\/uploads\/2020\/05\/pand-2-768x576.jpg 768w, https:\/\/bertstruis.nl\/wp-content\/uploads\/2020\/05\/pand-2-1536x1152.jpg 1536w, https:\/\/bertstruis.nl\/wp-content\/uploads\/2020\/05\/pand-2-2048x1536.jpg 2048w\" sizes=\"(max-width: 720px) 100vw, 720px\" \/>\t\t\t\t\t\t\t\t\t\t\t\t\t<\/div>\n\t\t\t\t<\/div>\n\t\t\t\t\t<\/div>\n\t\t<\/div>\n\t\t\t\t\t<\/div>\n\t\t<\/section>\n\t\t\t\t<section class=\"elementor-section elementor-top-section elementor-element elementor-element-f6f54a8 elementor-section-boxed elementor-section-height-default elementor-section-height-default\" data-id=\"f6f54a8\" data-element_type=\"section\">\n\t\t\t\t\t\t<div class=\"elementor-container elementor-column-gap-default\">\n\t\t\t\t\t<div class=\"elementor-column elementor-col-100 elementor-top-column elementor-element elementor-element-d8709c6\" data-id=\"d8709c6\" data-element_type=\"column\">\n\t\t\t<div class=\"elementor-widget-wrap elementor-element-populated\">\n\t\t\t\t\t\t<div class=\"elementor-element elementor-element-021b045 elementor-widget elementor-widget-spacer\" data-id=\"021b045\" data-element_type=\"widget\" data-widget_type=\"spacer.default\">\n\t\t\t\t<div class=\"elementor-widget-container\">\n\t\t\t\t\t<div class=\"elementor-spacer\">\n\t\t\t<div class=\"elementor-spacer-inner\"><\/div>\n\t\t<\/div>\n\t\t\t\t<\/div>\n\t\t\t\t<\/div>\n\t\t\t\t\t<\/div>\n\t\t<\/div>\n\t\t\t\t\t<\/div>\n\t\t<\/section>\n\t\t\t\t<section class=\"elementor-section elementor-top-section elementor-element elementor-element-e979bf1 elementor-section-stretched elementor-section-full_width elementor-section-height-default elementor-section-height-default\" data-id=\"e979bf1\" data-element_type=\"section\" data-settings=\"{&quot;stretch_section&quot;:&quot;section-stretched&quot;}\">\n\t\t\t\t\t\t<div class=\"elementor-container elementor-column-gap-default\">\n\t\t\t\t\t<div class=\"elementor-column elementor-col-100 elementor-top-column elementor-element elementor-element-f744b3f\" data-id=\"f744b3f\" data-element_type=\"column\" data-settings=\"{&quot;background_background&quot;:&quot;classic&quot;}\">\n\t\t\t<div class=\"elementor-widget-wrap elementor-element-populated\">\n\t\t\t\t\t\t<section class=\"elementor-section elementor-inner-section elementor-element elementor-element-673fcc0 elementor-section-boxed elementor-section-height-default elementor-section-height-default\" data-id=\"673fcc0\" data-element_type=\"section\">\n\t\t\t\t\t\t<div class=\"elementor-container elementor-column-gap-default\">\n\t\t\t\t\t<div class=\"elementor-column elementor-col-50 elementor-inner-column elementor-element elementor-element-3ede742\" data-id=\"3ede742\" data-element_type=\"column\">\n\t\t\t<div class=\"elementor-widget-wrap elementor-element-populated\">\n\t\t\t\t\t\t<div class=\"elementor-element elementor-element-573f232 elementor-widget elementor-widget-text-editor\" data-id=\"573f232\" data-element_type=\"widget\" data-widget_type=\"text-editor.default\">\n\t\t\t\t<div class=\"elementor-widget-container\">\n\t\t\t\t\t\t\t<h1 style=\"text-align: left;\"><strong><span style=\"color: #dd0000;\">Geschichte<\/span><\/strong><\/h1><p style=\"text-align: left;\"><span style=\"color: #ffffff;\">Der Gro\u00dfhandel Struis wurde 1954 in Almelo gegr\u00fcndet. Was einst ein \"Mann der Tiger\" und Importeur der Tippy's begann, ist heute Anbieter eines umfassenden Sortiments.<\/span><\/p><p style=\"text-align: left;\"><span style=\"color: #ffffff;\">Wir sind spezialisiert auf Spielzeug, Kartenspiele, Puppen, Autos, Pl\u00fcschtiere, Schl\u00fcsselanh\u00e4nger, elektronische Artikel, Haushaltsgegenst\u00e4nde, bieten aber auch viele andere Artikel an, von Spielen bis hin zu Masken.<\/span><\/p><p style=\"text-align: left;\"><span style=\"color: #ffffff; font-size: 16px;\">Durch die Erfahrung, die wir im Laufe der Jahre gesammelt haben, sind wir ein zuverl\u00e4ssiger Lieferant f\u00fcr alle unsere Gesch\u00e4ftspartner geworden.<\/span><\/p><div style=\"text-align: left;\"><span style=\"color: #ffffff; font-size: 16px;\">\u00a0<\/span><\/div>\t\t\t\t\t\t<\/div>\n\t\t\t\t<\/div>\n\t\t\t\t\t<\/div>\n\t\t<\/div>\n\t\t\t\t<div class=\"elementor-column elementor-col-50 elementor-inner-column elementor-element elementor-element-4d60ffc\" data-id=\"4d60ffc\" data-element_type=\"column\">\n\t\t\t<div class=\"elementor-widget-wrap elementor-element-populated\">\n\t\t\t\t\t\t<div class=\"elementor-element elementor-element-d1ee228 elementor-widget elementor-widget-text-editor\" data-id=\"d1ee228\" data-element_type=\"widget\" data-widget_type=\"text-editor.default\">\n\t\t\t\t<div class=\"elementor-widget-container\">\n\t\t\t\t\t\t\t<h1 style=\"text-align: left;\"><strong><span style=\"color: #dd0000;\">Sammlung und Import<\/span><\/strong><\/h1><p style=\"text-align: left;\"><span style=\"color: #ffffff;\">Wir haben eine sehr gro\u00dfe Sammlung von mehr als 2000 Artikeln, zu viele, um sie auf dieser Seite einzustellen. Sie k\u00f6nnen unsere Kollektion jedoch in unserem Showroom in Almelo ansehen!\u00a0<\/span><\/p><p style=\"text-align: left;\"><span style=\"color: #ffffff;\">Aufgrund unserer langj\u00e4hrigen Erfahrung und unserer zuverl\u00e4ssigen und guten Kontakte in Europa und Fernost k\u00f6nnen wir einen gro\u00dfen Teil unserer Sammlung selbst importieren. Deshalb haben wir eine einzigartige eigene Kollektion mit einem au\u00dfergew\u00f6hnlich guten Preis-Leistungsverh\u00e4ltnis.\u00a0<\/span><\/p><p style=\"text-align: left;\"><span style=\"color: #ffffff;\">Wir besuchen jedes Jahr Messen und Fabriken in China und sind immer auf der Suche nach neuen Artikeln und Trends, um unsere Kollektion vollst\u00e4ndig anzubieten.<\/span><\/p>\t\t\t\t\t\t<\/div>\n\t\t\t\t<\/div>\n\t\t\t\t\t<\/div>\n\t\t<\/div>\n\t\t\t\t\t<\/div>\n\t\t<\/section>\n\t\t\t\t\t<\/div>\n\t\t<\/div>\n\t\t\t\t\t<\/div>\n\t\t<\/section>\n\t\t\t\t<section class=\"elementor-section elementor-top-section elementor-element elementor-element-2b9bdbf elementor-section-boxed elementor-section-height-default elementor-section-height-default\" data-id=\"2b9bdbf\" data-element_type=\"section\">\n\t\t\t\t\t\t<div class=\"elementor-container elementor-column-gap-default\">\n\t\t\t\t\t<div class=\"elementor-column elementor-col-100 elementor-top-column elementor-element elementor-element-1f8091c\" data-id=\"1f8091c\" data-element_type=\"column\">\n\t\t\t<div class=\"elementor-widget-wrap elementor-element-populated\">\n\t\t\t\t\t\t<div class=\"elementor-element elementor-element-43ac6ee elementor-widget elementor-widget-spacer\" data-id=\"43ac6ee\" data-element_type=\"widget\" data-widget_type=\"spacer.default\">\n\t\t\t\t<div class=\"elementor-widget-container\">\n\t\t\t\t\t<div class=\"elementor-spacer\">\n\t\t\t<div class=\"elementor-spacer-inner\"><\/div>\n\t\t<\/div>\n\t\t\t\t<\/div>\n\t\t\t\t<\/div>\n\t\t\t\t\t<\/div>\n\t\t<\/div>\n\t\t\t\t\t<\/div>\n\t\t<\/section>\n\t\t\t\t<section class=\"elementor-section elementor-top-section elementor-element elementor-element-ec53f6c elementor-section-boxed elementor-section-height-default elementor-section-height-default\" data-id=\"ec53f6c\" data-element_type=\"section\">\n\t\t\t\t\t\t<div class=\"elementor-container elementor-column-gap-default\">\n\t\t\t\t\t<div class=\"elementor-column elementor-col-100 elementor-top-column elementor-element elementor-element-7b5a399\" data-id=\"7b5a399\" data-element_type=\"column\">\n\t\t\t<div class=\"elementor-widget-wrap elementor-element-populated\">\n\t\t\t\t\t\t<section class=\"elementor-section elementor-inner-section elementor-element elementor-element-beedf05 elementor-section-boxed elementor-section-height-default elementor-section-height-default\" data-id=\"beedf05\" data-element_type=\"section\">\n\t\t\t\t\t\t<div class=\"elementor-container elementor-column-gap-default\">\n\t\t\t\t\t<div class=\"elementor-column elementor-col-50 elementor-inner-column elementor-element elementor-element-4f61751\" data-id=\"4f61751\" data-element_type=\"column\">\n\t\t\t<div class=\"elementor-widget-wrap elementor-element-populated\">\n\t\t\t\t\t\t<div class=\"elementor-element elementor-element-de18ff9 elementor-widget elementor-widget-text-editor\" data-id=\"de18ff9\" data-element_type=\"widget\" data-widget_type=\"text-editor.default\">\n\t\t\t\t<div class=\"elementor-widget-container\">\n\t\t\t\t\t\t\t<h2 style=\"text-align: center;\"><span style=\"color: #dd0000;\"><strong>Custom Made<\/strong><\/span><\/h2>\n<p style=\"text-align: center;\"><span style=\"color: #000000;\">Zus\u00e4tzlich zu unserer bestehenden gro\u00dfen Sammlung geh\u00f6rt es zu unseren St\u00e4rken, Artikel herzustellen und zu erfinden, die auf die W\u00fcnsche des Kunden zugeschnitten sind.<\/span><\/p>\n<p style=\"text-align: center;\"><span style=\"color: #000000;\">Custom Made Artikel sind beispielsweise Werbegeschenke wie ein Pl\u00fcsch-Teddyb\u00e4r, aber auch eine Weihnachtsm\u00fctze oder ein Feuerzeug mit Ihrem Logo sind m\u00f6glich. Such die Verpackung und Ausf\u00fchrung von Artikeln kann an Ihre spezifischen W\u00fcnsche angepasst werden. Interessieren Sie sich daf\u00fcr?<\/span><\/p>\n<p style=\"text-align: center;\"><span style=\"color: #000000;\">Dann z\u00f6gern Sie nicht uns zu kontaktieren!&nbsp;<a style=\"color: #000000;\" href=\"https:\/\/bertstruis.nl\/de\/contact\/\">kontaktieren<\/a>&nbsp;Sie uns!<\/span><\/p>\t\t\t\t\t\t<\/div>\n\t\t\t\t<\/div>\n\t\t\t\t\t<\/div>\n\t\t<\/div>\n\t\t\t\t<div class=\"elementor-column elementor-col-50 elementor-inner-column elementor-element elementor-element-48549d7\" data-id=\"48549d7\" data-element_type=\"column\">\n\t\t\t<div class=\"elementor-widget-wrap elementor-element-populated\">\n\t\t\t\t\t\t<div class=\"elementor-element elementor-element-9de4fd3 elementor-widget elementor-widget-image\" data-id=\"9de4fd3\" data-element_type=\"widget\" data-widget_type=\"image.default\">\n\t\t\t\t<div class=\"elementor-widget-container\">\n\t\t\t\t\t\t\t\t\t\t\t\t\t<img decoding=\"async\" src=\"https:\/\/bertstruis.nl\/wp-content\/uploads\/elementor\/thumbs\/custom-made-qalzfiao9jyefoi49owghhyx3sauitvpdetgin3v9c.jpg\" title=\"Custom made\" alt=\"custom made\" loading=\"lazy\" \/>\t\t\t\t\t\t\t\t\t\t\t\t\t<\/div>\n\t\t\t\t<\/div>\n\t\t\t\t\t<\/div>\n\t\t<\/div>\n\t\t\t\t\t<\/div>\n\t\t<\/section>\n\t\t\t\t\t<\/div>\n\t\t<\/div>\n\t\t\t\t\t<\/div>\n\t\t<\/section>\n\t\t\t\t<section class=\"elementor-section elementor-top-section elementor-element elementor-element-9a959ad elementor-section-boxed elementor-section-height-default elementor-section-height-default\" data-id=\"9a959ad\" data-element_type=\"section\">\n\t\t\t\t\t\t<div class=\"elementor-container elementor-column-gap-default\">\n\t\t\t\t\t<div class=\"elementor-column elementor-col-100 elementor-top-column elementor-element elementor-element-ff69140\" data-id=\"ff69140\" data-element_type=\"column\">\n\t\t\t<div class=\"elementor-widget-wrap elementor-element-populated\">\n\t\t\t\t\t\t<div class=\"elementor-element elementor-element-e387370 elementor-widget elementor-widget-spacer\" data-id=\"e387370\" data-element_type=\"widget\" data-widget_type=\"spacer.default\">\n\t\t\t\t<div class=\"elementor-widget-container\">\n\t\t\t\t\t<div class=\"elementor-spacer\">\n\t\t\t<div class=\"elementor-spacer-inner\"><\/div>\n\t\t<\/div>\n\t\t\t\t<\/div>\n\t\t\t\t<\/div>\n\t\t\t\t\t<\/div>\n\t\t<\/div>\n\t\t\t\t\t<\/div>\n\t\t<\/section>\n\t\t\t\t<section class=\"elementor-section elementor-top-section elementor-element elementor-element-d2e3bf1 elementor-section-stretched elementor-section-full_width elementor-section-height-default elementor-section-height-default\" data-id=\"d2e3bf1\" data-element_type=\"section\" data-settings=\"{&quot;stretch_section&quot;:&quot;section-stretched&quot;,&quot;background_background&quot;:&quot;classic&quot;}\">\n\t\t\t\t\t\t<div class=\"elementor-container elementor-column-gap-default\">\n\t\t\t\t\t<div class=\"elementor-column elementor-col-100 elementor-top-column elementor-element elementor-element-c486711\" data-id=\"c486711\" data-element_type=\"column\">\n\t\t\t<div class=\"elementor-widget-wrap\">\n\t\t\t\t\t\t\t<\/div>\n\t\t<\/div>\n\t\t\t\t\t<\/div>\n\t\t<\/section>\n\t\t\t\t<section class=\"elementor-section elementor-top-section elementor-element elementor-element-5e3ab04 elementor-section-boxed elementor-section-height-default elementor-section-height-default\" data-id=\"5e3ab04\" data-element_type=\"section\">\n\t\t\t\t\t\t<div class=\"elementor-container elementor-column-gap-default\">\n\t\t\t\t\t<div class=\"elementor-column elementor-col-100 elementor-top-column elementor-element elementor-element-640065c\" data-id=\"640065c\" data-element_type=\"column\">\n\t\t\t<div class=\"elementor-widget-wrap elementor-element-populated\">\n\t\t\t\t\t\t<div class=\"elementor-element elementor-element-1f33a84 elementor-widget elementor-widget-spacer\" data-id=\"1f33a84\" data-element_type=\"widget\" data-widget_type=\"spacer.default\">\n\t\t\t\t<div class=\"elementor-widget-container\">\n\t\t\t\t\t<div class=\"elementor-spacer\">\n\t\t\t<div class=\"elementor-spacer-inner\"><\/div>\n\t\t<\/div>\n\t\t\t\t<\/div>\n\t\t\t\t<\/div>\n\t\t\t\t\t<\/div>\n\t\t<\/div>\n\t\t\t\t\t<\/div>\n\t\t<\/section>\n\t\t\t\t<section class=\"elementor-section elementor-top-section elementor-element elementor-element-0f36acf elementor-section-stretched elementor-section-full_width elementor-section-height-min-height elementor-section-content-middle elementor-section-height-default elementor-section-items-middle\" data-id=\"0f36acf\" data-element_type=\"section\" data-settings=\"{&quot;stretch_section&quot;:&quot;section-stretched&quot;,&quot;background_background&quot;:&quot;classic&quot;}\">\n\t\t\t\t\t\t<div class=\"elementor-container elementor-column-gap-default\">\n\t\t\t\t\t<div class=\"elementor-column elementor-col-100 elementor-top-column elementor-element elementor-element-ac14930\" data-id=\"ac14930\" data-element_type=\"column\">\n\t\t\t<div class=\"elementor-widget-wrap\">\n\t\t\t\t\t\t\t<\/div>\n\t\t<\/div>\n\t\t\t\t\t<\/div>\n\t\t<\/section>\n\t\t\t\t<\/div>","protected":false},"excerpt":{"rendered":"<p>Historie Groothandel Struis is opgericht in Almelo in 1954,\u00a0ooit begonnen als &#8220;man van de tijgers&#8221; en importeur van de Tippy&#8217;s\u00a0 en nu aanbieder van een totaalassortiment. Wij zijn gespecialiseerd in speelgoed, speelgoed op kaart, poppen, auto&#8217;s, pluche, sleutelhangers, elektronische artikelen,<\/p>","protected":false},"author":1,"featured_media":1037,"parent":0,"menu_order":0,"comment_status":"closed","ping_status":"closed","template":"","meta":{"footnotes":""},"_links":{"self":[{"href":"https:\/\/bertstruis.nl\/de\/wp-json\/wp\/v2\/pages\/1429"}],"collection":[{"href":"https:\/\/bertstruis.nl\/de\/wp-json\/wp\/v2\/pages"}],"about":[{"href":"https:\/\/bertstruis.nl\/de\/wp-json\/wp\/v2\/types\/page"}],"author":[{"embeddable":true,"href":"https:\/\/bertstruis.nl\/de\/wp-json\/wp\/v2\/users\/1"}],"replies":[{"embeddable":true,"href":"https:\/\/bertstruis.nl\/de\/wp-json\/wp\/v2\/comments?post=1429"}],"version-history":[{"count":32,"href":"https:\/\/bertstruis.nl\/de\/wp-json\/wp\/v2\/pages\/1429\/revisions"}],"predecessor-version":[{"id":1567,"href":"https:\/\/bertstruis.nl\/de\/wp-json\/wp\/v2\/pages\/1429\/revisions\/1567"}],"wp:featuredmedia":[{"embeddable":true,"href":"https:\/\/bertstruis.nl\/de\/wp-json\/wp\/v2\/media\/1037"}],"wp:attachment":[{"href":"https:\/\/bertstruis.nl\/de\/wp-json\/wp\/v2\/media?parent=1429"}],"curies":[{"name":"wp","href":"https:\/\/api.w.org\/{rel}","templated":true}]}}