{"id":3,"date":"2020-03-31T14:51:10","date_gmt":"2020-03-31T12:51:10","guid":{"rendered":"http:\/\/bertstruis.nl\/?page_id=3"},"modified":"2020-05-14T15:41:49","modified_gmt":"2020-05-14T13:41:49","slug":"privacy-policy","status":"publish","type":"page","link":"https:\/\/bertstruis.nl\/de\/privacy-policy\/","title":{"rendered":"Datenschutz-Bestimmungen"},"content":{"rendered":"<div class=\"wp-block-group\">\r\n<div class=\"wp-block-group__inner-container is-layout-flow wp-block-group-is-layout-flow\">\r\n<div class=\"wp-block-group\">\r\n<div class=\"wp-block-group__inner-container is-layout-flow wp-block-group-is-layout-flow\">\r\n<p><strong>Datenschutzerkl\u00e4rung Bertstruis.nl - Bert Struis BV<\/strong><\/p>\r\n<p>\u00dcber unsere Website werden vertrauliche oder personenbezogene Daten verarbeitet. Bertstruis.nl h\u00e4lt den sorgf\u00e4ltigen Umgang mit personenbezogenen Daten f\u00fcr sehr wichtig. Personenbezogene Daten werden daher von uns sorgf\u00e4ltig verarbeitet und gesichert.<\/p>\r\n<p>Bei unserer Verarbeitung halten wir uns an die Anforderungen der Datenschutzgesetzgebung. Dies bedeutet unter anderem, dass:<\/p>\r\n<p>- wir klar angeben, zu welchen Zwecken wir personenbezogene Daten verarbeiten. Wir tun dies durch diese Datenschutzerkl\u00e4rung.<br \/>- wir die Erhebung personenbezogener Daten durch uns nur auf solche personenbezogenen Daten beschr\u00e4nken, die f\u00fcr legitime Zwecke erforderlich sind.<br \/>- wir Sie zun\u00e4chst um die ausdr\u00fcckliche Erlaubnis bitten, Ihre personenbezogenen Daten in F\u00e4llen zu verarbeiten, in denen Ihre Erlaubnis erforderlich ist.<br \/>- wir geeignete Sicherheitsma\u00dfnahmen zum Schutz Ihrer personenbezogenen Daten ergreifen und dies auch von Parteien fordern, die personenbezogene Daten in unserem Auftrag verarbeiten,<br \/>- wir Ihr Recht respektieren, Ihre personenbezogenen Daten auf Ihre Anfrage hin zur Einsichtnahme, Korrektur oder L\u00f6schung zur Verf\u00fcgung zu stellen.<\/p>\r\n<p>Bertstruis.nl ist f\u00fcr die Verabeitung von Daten verantwortlich. In dieser Datenschutzerkl\u00e4rung erl\u00e4utern wir, welche personenbezogenen Daten wir zu welchem Zweck erheben und verwenden. Wir empfehlen Ihnen, sie sorgf\u00e4ltig zu lesen.<\/p>\r\n<p><em>Diese Datenschutzerkl\u00e4rung wurde zuletzt am 01.04.2020 ge\u00e4ndert.<\/em><\/p>\r\n<p><strong>Verwendung personenbezogener Daten<br \/><\/strong>Wenn Sie unsere Website nutzen, erhalten wir bestimmte Daten von Ihnen. Hierbei kann es sich um personenbezogene Daten handeln. Wir speichern und verwenden die personenbezogenen Daten, die direkt von Ihnen bereitgestellt werden, im Rahmen des von Ihnen angeforderten Dienstes oder sofern im Vorfeld klar ist, dass sie uns zur Verarbeitung zur Verf\u00fcgung gestellt werden. Wir verwenden die folgenden Daten f\u00fcr die in dieser Datenschutzerkl\u00e4rung angegebenen Zwecke:<\/p>\r\n<p>- Name - Adresse - Wohnort<br \/>- Telefonnummer<br \/>- Rechnungsadresse<br \/>- E-Mail-Addresse<\/p>\r\n<p><strong>Werbung<br \/><\/strong>Neben den Informationen auf unserer Website k\u00f6nnen wir Sie auch \u00fcber unsere neuen Produkte und Dienstleistungen informieren:<br \/>- per E-Mail<br \/>- \u00fcber soziale Medien<\/p>\r\n<p><strong>Kontaktformular und Newsletter<br \/><\/strong>\u00dcber unsere Website bieten wir die M\u00f6glichkeit, Fragen \u00fcber ein Kontaktformular zu stellen, in dem Sie aufgefordert werden, verschiedene Details zur Bearbeitung Ihrer Frage einzugeben. Sie entscheiden selbst, welche Daten Sie zur Verf\u00fcgung stellen. Die Daten, die Sie uns senden, werden so lange aufbewahrt, wie es die Art des Formulars oder der Inhalt Ihrer E-Mail f\u00fcr die vollst\u00e4ndige Beantwortung und Verarbeitung erfordert. Wir bieten einen Newsletter an, mit dem wir Interessenten \u00fcber unsere Produkte und \/ oder Dienstleistungen informieren m\u00f6chten. Jeder Newsletter enth\u00e4lt einen Link, \u00fcber den Sie sich abmelden k\u00f6nnen.<\/p>\r\n<p><strong>Ver\u00f6ffentlichung<br \/><\/strong>Wir ver\u00f6ffentlichen Ihre Kundendaten nicht.<\/p>\r\n<p><strong>Anzeigen<br \/><\/strong>Auf unserer Website werden keine Werbeanzeigen eingeblendet<\/p>\r\n<p><strong>Weitergabe an Dritte<\/strong><br \/>Wir k\u00f6nnen Ihre Daten an unsere Partner weitergeben. Diese Partner sind an der Vertragserf\u00fcllung beteiligt. Unsere Website enth\u00e4lt alle Social-Media-Schaltfl\u00e4chen. Damit sammeln die Administratoren dieser Dienste Ihre pers\u00f6nlichen Daten.<\/p>\r\n<p><strong>Cookies<\/strong><br \/>Unsere Website verwendet Cookies. Cookies werden auch \u00fcber von uns beauftragte Dritte platziert. Wenn Sie unsere Website zum ersten Mal besuchen, wird in einem Hinweis erl\u00e4utert, warum wir Cookies verwenden. Wir betrachten Ihre weitere Nutzung unserer Website als Zustimmung f\u00fcr diese Verwendung von Cookies. Sie k\u00f6nnen Cookies \u00fcber Ihren Browser deaktivieren. Beachten Sie, dass unsere Website dann m\u00f6glicherweise nicht mehr optimal funktioniert. Mit Dritten getroffen, die Cookies platzieren, haben wir Vereinbarungen \u00fcber die Verwendung von Cookies und Anwendungen getroffen. Wir haben jedoch keine vollst\u00e4ndige Kontrolle \u00fcber den Umgang mit den Cookies, wenn sie diese vom Anbieter dieser Anwendungen ausgelesen werden. Weitere Informationen zu diesen Anwendungen und zum Umgang mit Cookies finden Sie in den Datenschutzerkl\u00e4rungen dieser Parteien (Hinweis: Sie k\u00f6nnen sich regelm\u00e4\u00dfig \u00e4ndern).<\/p>\r\n<p><strong>Google Analytics<\/strong><br \/>Wir verwenden Google Analytics, um zu verfolgen, wie Besucher unseren Webshop nutzen. Wir haben mit Google eine Prozessorvereinbarung geschlossen, um Regelungen \u00fcber den Umgang mit unseren Daten zu treffen. Dar\u00fcber hinaus haben wir Google nicht gestattet, die erhaltenen Analytics-Informationen f\u00fcr andere Google-Dienste zu verwenden. Schlie\u00dflich anonymisieren wir die IP-Adressen.<\/p>\r\n<p><strong>Sicherheit<\/strong><br \/>Wir ergreifen Sicherheitsma\u00dfnahmen, um Missbrauch und unbefugten Zugriff auf personenbezogene Daten zu begrenzen.<\/p>\r\n<p><strong>Aufbewahrungsfristen<\/strong><br \/>Wir speichern die oben beschriebenen personenbezogenen Daten maximal ein Jahr lang f\u00fcr die beschriebenen statistischen Zwecke. Die Daten werden dann gel\u00f6scht, es sei denn, es besteht eine gesetzliche Verpflichtung, die eine l\u00e4ngere Speicherung erfordert (z. B. die siebenj\u00e4hrige Aufbewahrungspflicht f\u00fcr Zahlungsdaten).<\/p>\r\n<p><strong>Websites Dritter<\/strong><br \/>Diese Datenschutzerkl\u00e4rung gilt nicht f\u00fcr Websites Dritter, die \u00fcber Links mit unserem Webshop verbunden sind. Wir k\u00f6nnen nicht garantieren, dass diese Dritten Ihre pers\u00f6nlichen Daten zuverl\u00e4ssig oder sicher behandeln. Wir empfehlen Ihnen, die Datenschutzerkl\u00e4rung dieser Websites zu lesen, bevor Sie diese Websites nutzen.<\/p>\r\n<p><strong>\u00c4nderungen an dieser Datenschutzerkl\u00e4rung<\/strong><br \/>Wir behalten uns das Recht vor, \u00c4nderungen an dieser Datenschutzerkl\u00e4rung vorzunehmen. Es wird empfohlen, diese Datenschutzerkl\u00e4rung regelm\u00e4\u00dfig einzusehen, damit Sie \u00fcber diese \u00c4nderungen informiert sind.<br \/><strong><br \/>Zugriff und \u00c4nderung Ihrer Daten<\/strong><br \/>Bei Fragen zu unseren Datenschutzrichtlinien oder Fragen zum Zugriff und zu \u00c4nderungen (oder L\u00f6schungen) Ihrer pers\u00f6nlichen Daten k\u00f6nnen Sie uns jederzeit unter Angabe der folgenden Informationen kontaktieren. Sie k\u00f6nnen uns auch eine Anfrage zum Anzeigen, \u00c4ndern oder L\u00f6schen dieser Daten senden. Sie k\u00f6nnen auch einen Datenexport f\u00fcr Daten anfordern, die wir mit Ihrer Erlaubnis verwenden, oder angeben, dass wir die Verarbeitung personenbezogener Daten einschr\u00e4nken sollen. Um Missbrauch zu verhindern, k\u00f6nnen wir Sie bitten, sich angemessen auszuweisen. Wenn Sie auf personenbezogene Daten zugreifen m\u00f6chten, die mit einem Cookie verkn\u00fcpft sind, m\u00fcssen Sie uns eine Kopie des betreffenden Cookies zusenden. Sie finden es in den Einstellungen Ihres Browsers. Wenn die Daten nicht korrekt sind, k\u00f6nnen Sie uns auffordern, diese zu \u00e4ndern oder entfernen zu lassen.<\/p>\r\n<p><strong>Die niederl\u00e4ndische Datenschutzbeh\u00f6rde<\/strong><br \/>Gerne helfen wir Ihnen gerne bei Beschwerden bez\u00fcglich der Verarbeitung Ihrer personenbezogenen Daten. Gem\u00e4\u00df den Datenschutzbestimmungen haben Sie auch das Recht,eine Beschwerde gegen diese Verarbeitung personenbezogener Daten bei der niederl\u00e4ndischen Datenschutzbeh\u00f6rde  einzureichen. Hierf\u00fcr k\u00f6nnen Sie sich an die niederl\u00e4ndische Datenschutzbeh\u00f6rde wenden.<\/p>\r\n<p><strong>Kontaktdaten<\/strong><br \/>Bert Struis BV<\/p>\r\n<p>Twentepoort West 21<\/p>\r\n<p>7609 RD Almelo<\/p>\r\n<p><a href=\"mailto:info@bertstruis.nl\">info@bertstruis.nl<\/a><\/p>\r\n<p>&nbsp;<\/p>\r\n\r\n\r\n\r\n<h3 class=\"wp-block-heading\">\u00a0<\/h3>\r\n<p><!--EndFragment--><\/p>\r\n<\/div>\r\n<\/div>\r\n<\/div>\r\n<\/div>\r\n\r\n\r\n\r\n<p>&nbsp;<\/p>","protected":false},"excerpt":{"rendered":"<p>Privacyverklaring Bertstruis.nl &#8211; Bert Struis BV Via onze website worden privacygevoelige gegevens oftewel persoonsgegevens verwerkt. Bertstruis.nl acht een zorgvuldige omgang met persoonsgegevens van groot belang. Persoonlijke gegevens worden door ons dan ook zorgvuldig verwerkt en beveiligd. Bij onze verwerking houden<\/p>","protected":false},"author":1,"featured_media":0,"parent":0,"menu_order":0,"comment_status":"closed","ping_status":"closed","template":"","meta":{"footnotes":""},"_links":{"self":[{"href":"https:\/\/bertstruis.nl\/de\/wp-json\/wp\/v2\/pages\/3"}],"collection":[{"href":"https:\/\/bertstruis.nl\/de\/wp-json\/wp\/v2\/pages"}],"about":[{"href":"https:\/\/bertstruis.nl\/de\/wp-json\/wp\/v2\/types\/page"}],"author":[{"embeddable":true,"href":"https:\/\/bertstruis.nl\/de\/wp-json\/wp\/v2\/users\/1"}],"replies":[{"embeddable":true,"href":"https:\/\/bertstruis.nl\/de\/wp-json\/wp\/v2\/comments?post=3"}],"version-history":[{"count":7,"href":"https:\/\/bertstruis.nl\/de\/wp-json\/wp\/v2\/pages\/3\/revisions"}],"predecessor-version":[{"id":1144,"href":"https:\/\/bertstruis.nl\/de\/wp-json\/wp\/v2\/pages\/3\/revisions\/1144"}],"wp:attachment":[{"href":"https:\/\/bertstruis.nl\/de\/wp-json\/wp\/v2\/media?parent=3"}],"curies":[{"name":"wp","href":"https:\/\/api.w.org\/{rel}","templated":true}]}}